{"id":3977,"date":"2023-06-02T21:41:30","date_gmt":"2023-06-02T19:41:30","guid":{"rendered":"https:\/\/aperodesfrenchy.fr\/?page_id=3977"},"modified":"2023-10-19T19:21:45","modified_gmt":"2023-10-19T17:21:45","slug":"contact","status":"publish","type":"page","link":"https:\/\/lacompile.fr\/?page_id=3977","title":{"rendered":"contact"},"content":{"rendered":"<div class=\"wpb-content-wrapper\"><p>[vc_section full_width=\u00a0\u00bbstretch_row_content\u00a0\u00bb full_height=\u00a0\u00bbyes\u00a0\u00bb css=\u00a0\u00bb.vc_custom_1680531318279{background-color: #3B3C3E !important;background-position: center !important;background-repeat: no-repeat !important;background-size: cover !important;}\u00a0\u00bb][vc_row content_placement=\u00a0\u00bbmiddle\u00a0\u00bb][vc_column width=\u00a0\u00bb1\/4&Prime;][\/vc_column][vc_column width=\u00a0\u00bb1\/2&Prime;]<div class=\"wpb_content_element   clearfix\"><style type=\"text\/css\">#ut_ig_69d07709856a2 .ut-lazy:not(.ut-image-loaded) + .ut-video-module-loading { display:block; }#ut_ig_69d07709856a2 .ut-lazy.ut-image-loaded + .ut-video-module-loading { display:none; }<\/style><div id=\"ut_ig_69d07709856a2\" class=\"ut-image-gallery ut-image-gallery-module  clearfix\" data-settings=\"{&quot;animate&quot;:true,&quot;effect&quot;:&quot;&quot;,&quot;lazy&quot;:true,&quot;delay_animation&quot;:false,&quot;global_delay_animation&quot;:false,&quot;delay_timer&quot;:100,&quot;global_delay_timer&quot;:100}\" ><div  data-count=\"1\" class=\"ut-image-gallery-item ut-animation-done grid-100 tablet-grid-100 mobile-grid-100\"><a  class=\"ut-vc-images-lightbox ut-vc-images-lightbox-group-image\"  data-exthumbimage=\"https:\/\/lacompile.fr\/wp-content\/uploads\/2023\/10\/la-compil-White-contact-200x91.png\" href=\"https:\/\/lacompile.fr\/wp-content\/uploads\/2023\/10\/la-compil-White-contact.png\" ><div class=\"ut-image-gallery-image\" ><img loading=\"lazy\" decoding=\"async\"  class=\" ut-lazy skip-lazy\" src=\"data:image\/svg+xml;charset=utf-8,%3Csvg xmlns%3D'http%3A%2F%2Fwww.w3.org%2F2000%2Fsvg' viewBox%3D'0 0 333 91'%2F%3E\" data-src=\"https:\/\/lacompile.fr\/wp-content\/uploads\/2023\/10\/la-compil-White-contact.png\" width=\"333\" height=\"91\"><\/div><\/a><\/div><div class=\"ut-image-gallery-sizer\"><\/div><div class=\"clear\"><\/div><\/div><\/div><div id=\"ut_cf7_colors_69d0770985e3b\" class=\"wpb_content_element  \">\n<div class=\"wpcf7 no-js\" id=\"wpcf7-f3982-o1\" lang=\"fr-FR\" dir=\"ltr\" data-wpcf7-id=\"3982\">\n<div class=\"screen-reader-response\"><p role=\"status\" aria-live=\"polite\" aria-atomic=\"true\"><\/p> <ul><\/ul><\/div>\n<form action=\"\/index.php?rest_route=%2Fwp%2Fv2%2Fpages%2F3977#wpcf7-f3982-o1\" method=\"post\" class=\"wpcf7-form init\" aria-label=\"Formulaire de contact\" novalidate=\"novalidate\" data-status=\"init\">\n<fieldset class=\"hidden-fields-container\"><input type=\"hidden\" name=\"_wpcf7\" value=\"3982\" \/><input type=\"hidden\" name=\"_wpcf7_version\" value=\"6.1.5\" \/><input type=\"hidden\" name=\"_wpcf7_locale\" value=\"fr_FR\" \/><input type=\"hidden\" name=\"_wpcf7_unit_tag\" value=\"wpcf7-f3982-o1\" \/><input type=\"hidden\" name=\"_wpcf7_container_post\" value=\"0\" \/><input type=\"hidden\" name=\"_wpcf7_posted_data_hash\" value=\"\" \/>\n<\/fieldset>\n<label> Votre pr\u00e9nom (obligatoire)\n    <span class=\"wpcf7-form-control-wrap\" data-name=\"Prenom\"><input size=\"40\" maxlength=\"400\" class=\"wpcf7-form-control wpcf7-text wpcf7-validates-as-required\" aria-required=\"true\" aria-invalid=\"false\" value=\"\" type=\"text\" name=\"Prenom\" \/><\/span><\/label>\n\n<label> Votre nom (obligatoire)\n    <span class=\"wpcf7-form-control-wrap\" data-name=\"your-name\"><input size=\"40\" maxlength=\"400\" class=\"wpcf7-form-control wpcf7-text wpcf7-validates-as-required\" aria-required=\"true\" aria-invalid=\"false\" value=\"\" type=\"text\" name=\"your-name\" \/><\/span> <\/label>\n\n<label> Votre adresse de messagerie (obligatoire)\n    <span class=\"wpcf7-form-control-wrap\" data-name=\"your-email\"><input size=\"40\" maxlength=\"400\" class=\"wpcf7-form-control wpcf7-email wpcf7-validates-as-required wpcf7-text wpcf7-validates-as-email\" aria-required=\"true\" aria-invalid=\"false\" value=\"\" type=\"email\" name=\"your-email\" \/><\/span> <\/label>\n\n<label> Votre num\u00e9ro de t\u00e9l\u00e9phone (obligatoire)\n    <span class=\"wpcf7-form-control-wrap\" data-name=\"tel-703\"><input size=\"40\" maxlength=\"400\" class=\"wpcf7-form-control wpcf7-tel wpcf7-validates-as-required wpcf7-text wpcf7-validates-as-tel\" aria-required=\"true\" aria-invalid=\"false\" value=\"\" type=\"tel\" name=\"tel-703\" \/><\/span> <\/label>\n\n<label> Votre instagram\n   <span class=\"wpcf7-form-control-wrap\" data-name=\"Instagram\"><input size=\"40\" maxlength=\"400\" class=\"wpcf7-form-control wpcf7-text\" aria-invalid=\"false\" value=\"\" type=\"text\" name=\"Instagram\" \/><\/span> <\/label>\n\n<input class=\"wpcf7-form-control wpcf7-submit has-spinner\" type=\"submit\" value=\"Rejoins-nous\" \/><p style=\"display: none !important;\" class=\"akismet-fields-container\" data-prefix=\"_wpcf7_ak_\"><label>&#916;<textarea name=\"_wpcf7_ak_hp_textarea\" cols=\"45\" rows=\"8\" maxlength=\"100\"><\/textarea><\/label><input type=\"hidden\" id=\"ak_js_1\" name=\"_wpcf7_ak_js\" value=\"35\"\/><script>document.getElementById( \"ak_js_1\" ).setAttribute( \"value\", ( new Date() ).getTime() );<\/script><\/p><div class=\"wpcf7-response-output\" aria-hidden=\"true\"><\/div>\n<\/form>\n<\/div>\n<\/div>[\/vc_column][vc_column width=\u00a0\u00bb1\/4&Prime;][\/vc_column][\/vc_row][\/vc_section]<\/p>\n<\/div>","protected":false},"excerpt":{"rendered":"<p>[vc_section full_width=\u00a0\u00bbstretch_row_content\u00a0\u00bb full_height=\u00a0\u00bbyes\u00a0\u00bb css=\u00a0\u00bb.vc_custom_1680531318279{background-color: #3B3C3E !important;background-position: center !important;background-repeat: no-repeat !important;background-size: cover !important;}\u00a0\u00bb][vc_row content_placement=\u00a0\u00bbmiddle\u00a0\u00bb][vc_column width=\u00a0\u00bb1\/4&Prime;][\/vc_column][vc_column width=\u00a0\u00bb1\/2&Prime;][\/vc_column][vc_column width=\u00a0\u00bb1\/4&Prime;][\/vc_column][\/vc_row][\/vc_section]<\/p>\n","protected":false},"author":2,"featured_media":0,"parent":0,"menu_order":0,"comment_status":"closed","ping_status":"closed","template":"","meta":{"footnotes":""},"class_list":["post-3977","page","type-page","status-publish","hentry"],"_links":{"self":[{"href":"https:\/\/lacompile.fr\/index.php?rest_route=\/wp\/v2\/pages\/3977","targetHints":{"allow":["GET"]}}],"collection":[{"href":"https:\/\/lacompile.fr\/index.php?rest_route=\/wp\/v2\/pages"}],"about":[{"href":"https:\/\/lacompile.fr\/index.php?rest_route=\/wp\/v2\/types\/page"}],"author":[{"embeddable":true,"href":"https:\/\/lacompile.fr\/index.php?rest_route=\/wp\/v2\/users\/2"}],"replies":[{"embeddable":true,"href":"https:\/\/lacompile.fr\/index.php?rest_route=%2Fwp%2Fv2%2Fcomments&post=3977"}],"version-history":[{"count":8,"href":"https:\/\/lacompile.fr\/index.php?rest_route=\/wp\/v2\/pages\/3977\/revisions"}],"predecessor-version":[{"id":4106,"href":"https:\/\/lacompile.fr\/index.php?rest_route=\/wp\/v2\/pages\/3977\/revisions\/4106"}],"wp:attachment":[{"href":"https:\/\/lacompile.fr\/index.php?rest_route=%2Fwp%2Fv2%2Fmedia&parent=3977"}],"curies":[{"name":"wp","href":"https:\/\/api.w.org\/{rel}","templated":true}]}}